{"id":117,"date":"2011-09-07T20:07:29","date_gmt":"2011-09-07T18:07:29","guid":{"rendered":"http:\/\/ff-6401.de\/?page_id=117"},"modified":"2026-02-08T19:27:57","modified_gmt":"2026-02-08T18:27:57","slug":"mitglied-werden","status":"publish","type":"page","link":"https:\/\/main.ff-6401.de\/?page_id=117","title":{"rendered":"Mitglied werden!"},"content":{"rendered":"\n<p><strong>Und so l\u00e4ufts!<\/strong><\/p>\n\n\n\n<p>Wenn du Interesse daran besitzt mit uns gemeinsam zu arbeiten, dann stell dich uns einfach vor. Dies ist jeden Dienstag ab 18 Uhr in der Feuerwache Lichtenberg m\u00f6glich. Dabei solltest du folgende Voraussetzungen erf\u00fcllen:<\/p>\n\n\n\n<ul class=\"wp-block-list\">\n<li>du bist mindestens 18 Jahre alt (falls du j\u00fcnger bist, dann ist die Jugendfeuerwehr die richtige Adresse f\u00fcr dich)<\/li>\n\n\n\n<li>du bist Teamplayer und kannst dich gut in Gruppen einbringen und du kannst dich in einer Hierarchie einordnen<\/li>\n\n\n\n<li>du bringst ein Mindestma\u00df an k\u00f6rperlicher Fitness mit und dich weist ein normales K\u00f6rpergewicht nach dem <a href=\"http:\/\/de.wikipedia.org\/wiki\/Broca-Index#Broca-Index\">Broca-Index<\/a> aus bzw. solltest du nicht mehr als 30% dar\u00fcber liegen (u.a. relevant f\u00fcr die Atemschutztauglichkeit)<\/li>\n<\/ul>\n\n\n\n<p><strong>H\u00e4ufig gestellte Fragen:<\/strong><\/p>\n\n\n\n<p><strong>Muss ich einen Beruf f\u00fcr die T\u00e4tigkeit in der Freiwilligen Feuerwehr erlernt haben?<\/strong><br>Nein.<\/p>\n\n\n\n<p><strong>Muss ich Deutscher sein?<\/strong><br>Nein.<\/p>\n\n\n\n<p><strong>Kostet mir die T\u00e4tigkeit etwas?<\/strong><br>Nein &#8211; im Gegenteil, du erh\u00e4lst eine Aufwandsentsch\u00e4digung in H\u00f6he von 6 Euro\u0080 f\u00fcr jede Ausbildungs- und Einsatzdienststunde.<\/p>\n\n\n\n<p><strong>Wie lange dauert die Ausbildung?<\/strong><br>Die Grundausbildung umfasst ca. 230 Stunden und ist in zwei ungleich gro\u00dfe Teile aufgeteilt. Der erste Teil \u2013 der Truppmann Teil 1-Lehrgang \u2013 beinhaltet die Grundlagen f\u00fcr den Feuerwehrdienst, der Brandbek\u00e4mpfung und Technischen Hilfeleistung sowie den Atemschutzlehrgang und den Grundlehrgang des Atemschutz-Notfall-Trainings, aber auch den Lehrgang Absturzsicherung. In den folgenden zwei Jahren erlernst du im Rahmen des Truppman Teil 2 w\u00e4hrend \u00dcbungsdienste weiteres und oft spezialisierteres Wissen und besuchst den Rettungshelfer-Lehrgang.<\/p>\n\n\n\n<p><strong>Wie l\u00e4uft die Aufnahme ab?<\/strong><br>Nachdem du dich uns vorgestellt hast, begleitest du uns ca. 2-3 Monate. In dieser Zeit ist uns Gelegenheit gegeben dich n\u00e4her kennenzulernen. Genauso gut lernst du uns aber auch kennen. Im Anschluss stimmen wir \u00fcber deine Aufnahme ab. Hierbei reicht es bereits aus, wenn \u00fcber die H\u00e4lfte der Stimmberechtigten f\u00fcr eine Aufnahme stimmen. Nach der Abstimmung bereiten wir mit dir gemeinsam den Aufnahmeantrag vor, welcher dann an die Berliner Feuerwehr weitergeleitet wird. Diese entscheidet u. a. anhand deines handschriftlichen Lebenslaufes \u00fcber eine ehrenamtliche Aufnahme in die Beh\u00f6rde. Weiterhin schickt die Beh\u00f6rde dich zum arbeitsmedizinischen Dienst, wo durch eine Reihe von Untersuchungen deine Atemschutztauglichkeit und auch deine H\u00f6hentauglichkeit festgestellt wird.<\/p>\n\n\n\n<p><strong>Und was passiert dann?<\/strong><br>Wenn dein Aufnahmeantrag positiv beschieden wurde, dann wirst du durch die Berliner Feuerwehr eingekleidet und kannst dich f\u00fcr deine Grundausbildung anmelden.<\/p>\n\n\n\n<p><strong>Ab wann darf ich an Eins\u00e4tzen teilnehmen?<\/strong><br>Wenn du tauglich bist und eingekleidet bist, kannst du grunds\u00e4tzlich eingeschr\u00e4nkt an Eins\u00e4tzen teilnehmen. Eingeschr\u00e4nkt bedeutet, dass du z.B. die Funktion des \u201cPraktikanten\u201d wahrnehmen kannst und den Einsatz mit dem Fahrzeugf\u00fchrer begleiten kannst. \u201cIns Feuer gehen\u201d darfst du erst, nachdem du den bereits erw\u00e4hnten Truppmann Teil 1 abgeschlossen hast.<\/p>\n\n\n\n<p><strong>Ich war bereits bei der Feuerwehr und bin jetzt aus einem anderen Bundesland nach Berlin gezogen, werden meine Lehrg\u00e4nge anerkannt?<\/strong><br>Die Anerkennung der Lehrg\u00e4nge wird individuell durch BFRA (Berliner Feuerwehr- und Rettungsdienstakademie) gepr\u00fcft. In der Regel werden die Funktions- und F\u00fchrungslehrg\u00e4nge anerkannt, jedoch sind teilweise wachinterne Einweisungen und Fortbildungen notwendig. In jedem Fall musst du den Rettungshelferlehrgang, der Grundlehrgang des Atemschutz-Notfall- Trainings, sowie die Schulung zum Umgang mit psychisch belastenden Eins\u00e4tzen absolvieren. Dies gilt f\u00fcr alle Interessenten, gleich ob Truppmann, Gruppenf\u00fchrer oder Verbandsf\u00fchrer.<\/p>\n\n\n\n<p><strong>Ich bin bereits aktives Mitglied der Berliner Feuerwehr und m\u00f6chte aus beruflichen, privaten oder pers\u00f6nlichen Gr\u00fcnden gern die Wache wechseln?<\/strong><br>F\u00fcr diesen Fall kl\u00e4ren wir den Ablauf individuell und mit dir pers\u00f6nlich.<\/p>\n\n\n\n<p><strong>Ich h\u00e4tte da aber noch ein paar Fragen?!?!?<\/strong><br>Kein Problem. Im Impressum findest du unsere Kontaktadresse.<\/p>\n","protected":false},"excerpt":{"rendered":"<p>Und so l\u00e4ufts! Wenn du Interesse daran besitzt mit uns gemeinsam zu arbeiten, dann stell dich uns einfach vor. Dies ist jeden Dienstag ab 18 Uhr in der Feuerwache Lichtenberg m\u00f6glich. Dabei solltest du folgende Voraussetzungen erf\u00fcllen: H\u00e4ufig gestellte Fragen: &hellip; <a href=\"https:\/\/main.ff-6401.de\/?page_id=117\">Weiter<\/a><\/p>\n","protected":false},"author":1,"featured_media":0,"parent":4692,"menu_order":6,"comment_status":"closed","ping_status":"closed","template":"","meta":{"kt_blocks_editor_width":"","footnotes":""},"class_list":["post-117","page","type-page","status-publish","hentry"],"_links":{"self":[{"href":"https:\/\/main.ff-6401.de\/index.php?rest_route=\/wp\/v2\/pages\/117","targetHints":{"allow":["GET"]}}],"collection":[{"href":"https:\/\/main.ff-6401.de\/index.php?rest_route=\/wp\/v2\/pages"}],"about":[{"href":"https:\/\/main.ff-6401.de\/index.php?rest_route=\/wp\/v2\/types\/page"}],"author":[{"embeddable":true,"href":"https:\/\/main.ff-6401.de\/index.php?rest_route=\/wp\/v2\/users\/1"}],"replies":[{"embeddable":true,"href":"https:\/\/main.ff-6401.de\/index.php?rest_route=%2Fwp%2Fv2%2Fcomments&post=117"}],"version-history":[{"count":52,"href":"https:\/\/main.ff-6401.de\/index.php?rest_route=\/wp\/v2\/pages\/117\/revisions"}],"predecessor-version":[{"id":4638,"href":"https:\/\/main.ff-6401.de\/index.php?rest_route=\/wp\/v2\/pages\/117\/revisions\/4638"}],"up":[{"embeddable":true,"href":"https:\/\/main.ff-6401.de\/index.php?rest_route=\/wp\/v2\/pages\/4692"}],"wp:attachment":[{"href":"https:\/\/main.ff-6401.de\/index.php?rest_route=%2Fwp%2Fv2%2Fmedia&parent=117"}],"curies":[{"name":"wp","href":"https:\/\/api.w.org\/{rel}","templated":true}]}}