

{"id":122,"date":"2011-09-07T20:11:07","date_gmt":"2011-09-07T20:11:07","guid":{"rendered":"http:\/\/ff-6401.de\/?page_id=122"},"modified":"2017-05-31T15:19:14","modified_gmt":"2017-05-31T13:19:14","slug":"so-findet-man-uns","status":"publish","type":"page","link":"https:\/\/main.ff-6401.de\/?page_id=122","title":{"rendered":"So findet man uns!"},"content":{"rendered":"<p><strong>Anschlussm\u00f6glichkeit:<\/strong><\/p>\n<p>Bus: M 240 (Ostbahnhof &lt;-&gt; S Bhf. Storkower Stra\u00dfe), Haltestelle Stra\u00dfe 15<\/p>\n<p><strong>Anschrift:<br \/>\n<\/strong><br \/>\nJosef-Orlopp-Stra\u00dfe 69<br \/>\n10365 Berlin-Lichtenberg<br \/>\nTel.: 030\/3876400115<br \/>\n(Achtung: Kein st\u00e4ndig besetztes Telefon! F\u00fcr den Notruf w\u00e4hle bitte die 112!)<\/p>\n<p>&nbsp;<br \/>\n\n        <div id=\"map_ol3js_1\"\n             class=\"map undefined\"\n             data-map_name=\"undefined\"\n             data-map=\"map_ol3js_1\"\n             style=\"width:100%;\n                    max-width:100%;\n                    height:450px;\n                    display:block;\n                    overflow:hidden;\n                    border:thin solid black;\">\n          <div id=\"map_ol3js_1_popup\" class=\"ol-popup\">\n            <a href=\"#\" id=\"map_ol3js_1_popup-closer\" class=\"ol-popup-closer\"><\/a>\n            <div id=\"map_ol3js_1_popup-content\"><\/div>\n          <\/div>\n        <\/div>\n    \n\n\t\t\t\t<script type=\"text\/javascript\">\n\t\t\t\t\ttranslations['openlayer'] = \"open layer\";\n\t\t\t\t\ttranslations['openlayerAtStartup'] = \"open layer at startup\";\n\t\t\t\t\ttranslations['generateLink'] = \"Der Link zur Karte mit ausgew\u00e4hlten Overlays und angezeigtem Ausschnitt\";\n\t\t\t\t\ttranslations['shortDescription'] = \"Kurzbeschreibung\";\n\t\t\t\t\ttranslations['generatedShortCode'] = \"to get a text control link paste this code in your wordpress editor\";\n\t\t\t\t\ttranslations['closeLayer'] = \"close layer\";\n\t\t\t\t\ttranslations['cantGenerateLink'] = \"put this string in the existing map short code to control this map\";\n\t\t\t  <\/script>\n\n\n\t\t\t  <script type=\"text\/javascript\">\n\t\t\t  vectorM['map_ol3js_1'] = [];\n\t        \n        var raster = getTileLayer(\"osm\",\"NoKey\");\t\t\t\n\n\t\t\t  var map_ol3js_1 = new ol.Map({\n\t\t\t\tinteractions: ol.interaction.defaults.defaults({mouseWheelZoom:false}),\n\t\t\t\tlayers: [raster],\n\t\t\t\ttarget: \"map_ol3js_1\",\n\t\t\t\tview: new ol.View({\n\t\t\t\t  center: ol.proj.transform([13.493,52.523], \"EPSG:4326\", \"EPSG:3857\"),\n\t\t\t\t  zoom: 14\n\t\t\t\t})\n\t\t\t  });\n\t\t\t  \n                      var vectorMarkerSource = new ol.source.Vector({});\n                      var vectorMarkerLayer = new ol.layer.Vector({\n                        source: vectorMarkerSource,\n                        zIndex: 92\n                      });\n                      \n                          var iconStyle0 = new ol.style.Style({\n\t\t\t\t  image: new ol.style.Icon(\/** @type {olx.style.IconOptions} *\/({\n\t\t\t\t\tanchor: [(-16*-1),(-41*-1)],\n\t\t\t\t\tanchorXUnits: \"pixels\",\n\t\t\t\t\tanchorYUnits: \"pixels\",\n\t\t\t\t\topacity: 0.9,\n\t\t\t\t\tsrc: \"https:\/\/main.ff-6401.de\/wp-content\/plugins\/osm\/icons\/mic_black_pinother_02.png\"\n\t\t\t\t  }))\n\t\t\t\t});\n\t\t\t\tvar iconFeature0 = new ol.Feature({\n\t\t\t\t  geometry: new ol.geom.Point(\n\t\t\t\t  ol.proj.transform([13.49312,52.52303], \"EPSG:4326\", \"EPSG:3857\")),\n\t\t\t\t  name: \"<a href=\\\"https:\/\/main.ff-6401.de\/?page_id=122\\\">So findet man uns!<\/a><br>\"\n\t\t\t\t});\n\t\t\t\ticonFeature0.setStyle(iconStyle0);\n\t\t\t\tvectorMarkerSource.addFeature(iconFeature0);\n\t\t\t   map_ol3js_1.addLayer(vectorMarkerLayer);osm_addMarkerLayer(map_ol3js_1,13.49313,52.52302,\"https:\/\/main.ff-6401.de\/wp-content\/plugins\/osm\/icons\/mic_blue_mobilephonetower_01.png\",-16,-41,\"FW6400 Lichtenberg  <\/a><br>\") ; \naddControls2Map(map_ol3js_1,1,0,3,1,5,6,7,0,1);\nosm_addPopupClickhandler(map_ol3js_1,  \"map_ol3js_1\"); \nosm_addMouseHover(map_ol3js_1); <\/script>\n<div id=\"osm\">\nDaten von <a href=\"http:\/\/www.openstreetmap.org\/\">OpenStreetMap<\/a> &#8211; Ver\u00f6ffentlicht unter <a href=\"http:\/\/opendatacommons.org\/licenses\/odbl\/\">ODbL<\/a>\n<\/div>\n","protected":false},"excerpt":{"rendered":"<p>Anschlussm\u00f6glichkeit: Bus: M 240 (Ostbahnhof &lt;-&gt; S Bhf. Storkower Stra\u00dfe), Haltestelle Stra\u00dfe 15 Anschrift: Josef-Orlopp-Stra\u00dfe 69 10365 Berlin-Lichtenberg Tel.: 030\/3876400115 (Achtung: Kein st\u00e4ndig besetztes Telefon! F\u00fcr den Notruf w\u00e4hle bitte die 112!) &nbsp; Daten von OpenStreetMap &#8211; Ver\u00f6ffentlicht unter ODbL<\/p>\n","protected":false},"author":1,"featured_media":0,"parent":0,"menu_order":7,"comment_status":"closed","ping_status":"closed","template":"","meta":{"kt_blocks_editor_width":"","footnotes":""},"class_list":["post-122","page","type-page","status-publish","hentry"],"_links":{"self":[{"href":"https:\/\/main.ff-6401.de\/index.php?rest_route=\/wp\/v2\/pages\/122","targetHints":{"allow":["GET"]}}],"collection":[{"href":"https:\/\/main.ff-6401.de\/index.php?rest_route=\/wp\/v2\/pages"}],"about":[{"href":"https:\/\/main.ff-6401.de\/index.php?rest_route=\/wp\/v2\/types\/page"}],"author":[{"embeddable":true,"href":"https:\/\/main.ff-6401.de\/index.php?rest_route=\/wp\/v2\/users\/1"}],"replies":[{"embeddable":true,"href":"https:\/\/main.ff-6401.de\/index.php?rest_route=%2Fwp%2Fv2%2Fcomments&post=122"}],"version-history":[{"count":7,"href":"https:\/\/main.ff-6401.de\/index.php?rest_route=\/wp\/v2\/pages\/122\/revisions"}],"predecessor-version":[{"id":4176,"href":"https:\/\/main.ff-6401.de\/index.php?rest_route=\/wp\/v2\/pages\/122\/revisions\/4176"}],"wp:attachment":[{"href":"https:\/\/main.ff-6401.de\/index.php?rest_route=%2Fwp%2Fv2%2Fmedia&parent=122"}],"curies":[{"name":"wp","href":"https:\/\/api.w.org\/{rel}","templated":true}]}}