{"id":125,"date":"2011-09-07T20:12:21","date_gmt":"2011-09-07T20:12:21","guid":{"rendered":"http:\/\/ff-6401.de\/?page_id=125"},"modified":"2026-02-08T19:27:07","modified_gmt":"2026-02-08T18:27:07","slug":"wache","status":"publish","type":"page","link":"https:\/\/main.ff-6401.de\/?page_id=125","title":{"rendered":"Feuerwache"},"content":{"rendered":"<div class=\"wp-block-image\">\n<figure class=\"alignright size-large is-resized\"><img loading=\"lazy\" decoding=\"async\" width=\"1024\" height=\"768\" src=\"https:\/\/main.ff-6401.de\/wp-content\/uploads\/2026\/02\/Bild1-1-1024x768.jpeg\" alt=\"\" class=\"wp-image-4594\" style=\"width:410px;height:auto\" srcset=\"https:\/\/main.ff-6401.de\/wp-content\/uploads\/2026\/02\/Bild1-1-1024x768.jpeg 1024w, https:\/\/main.ff-6401.de\/wp-content\/uploads\/2026\/02\/Bild1-1-300x225.jpeg 300w, https:\/\/main.ff-6401.de\/wp-content\/uploads\/2026\/02\/Bild1-1-768x576.jpeg 768w, https:\/\/main.ff-6401.de\/wp-content\/uploads\/2026\/02\/Bild1-1-1536x1152.jpeg 1536w, https:\/\/main.ff-6401.de\/wp-content\/uploads\/2026\/02\/Bild1-1-2048x1536.jpeg 2048w\" sizes=\"auto, (max-width: 1024px) 100vw, 1024px\" \/><\/figure>\n<\/div>\n\n\n<p class=\"has-text-align-left\">Im April 2004 zog die Freiwillige Feuerwehr Lichtenberg mit auf das Gel\u00e4nde der Feuerwache Lichtenberg (6400) in der Josef-Orlopp-Stra\u00dfe 69. Die Wache ist wohl eine der geschichtstr\u00e4chtigsten der Berliner Feuerwehr, wenn nicht sogar der gesamten Bundesrepublik.<\/p>\n\n\n\n<p>Das Ministerium unterhielt in unmittelbarer N\u00e4he ein mehrere Hektar gro\u00dfes Gel\u00e4nde, auf welchem sich u.a. das Hauptquartier des Ministeriums f\u00fcr Staatssicherheit (MfS) befand und tausenden Menschen als Arbeitsplatz diente. <\/p>\n\n\n\n<p>Im Zuge des Verbotes der Kommunistischen Partei Deutschlands (KPD) im Jahre 1956 und der Vermutung, dass das Politb\u00fcro der Partei in Berlin-Wei\u00dfensee enttarnt wurde, dr\u00e4ngte die SED zur Planung eines neuen Standortes.<br>Die Wahl fiel auf ein von \u00dcberresten kriegswichtiger Betriebe und Zwangsarbeitslager gepr\u00e4gtem Industriegebiet in Lichtenberg, der 1960 in Josef-Orlopp-Stra\u00dfe unbenannten Rittergutstra\u00dfe. Hier entstand 1964 ein Neubau, bestehend aus B\u00fcror\u00e4umen samt Sozialtrakt und Garagenkomplex f\u00fcr 15 Dienstwagen \u2013 das Politb\u00fcro unter Max Reimann hatte eine neue Residenz.<\/p>\n\n\n\n<p>Als 1968 in Westdeutschland die DKP als \u201cNachfolger\u201d der KPD entstand, sollte weitere 3 Jahre sp\u00e4ter auch die Nutzung als Parteizentrale enden \u2013 aber nicht die des MfS. Das Objekt nutzte fortan die Milit\u00e4rorganisation der DKP, auch bekannt als Gruppe Ralf Forster. Aber wie auch beidem vorangegangenen Nutzer wurde der Standort f\u00fcr die westlichen Geheimdienste bekannt und nach 4 Jahren endete die Verwendung.<\/p>\n\n\n\n<p>Danach brachte die Staatssicherheit ca. 150 Zeitsoldaten unter, welche f\u00fcr den Wachdienst der Objekte des MfS eingesetzt wurden. Von einfachen Soldaten ist hier nicht auszugehen, da die Verantwortung weiter beim \u201cB\u00fcro der Leitung\u201d lag.<\/p>\n\n\n\n<p>Erst Anfang der 1980er fiel der Entschluss f\u00fcr die indes auf 20 Hektar angewachsene MfS-Zentrale eine hauseigene Betriebsfeuerwehr zu gr\u00fcnden. Das Aufgabenfeld der Brandh\u00fcter sollte s\u00e4mtliche Dienstobjekte des MfS einschlie\u00dflich ihrer Berliner Bezirksverwaltung, die Baubetriebe des MfS, die EDV-Bereiche und das Sportforum, allerdings auch Dienstobjekte der \u201esowjetischen Freundschaft\u201c umfassen.<\/p>\n\n\n\n<p>Die urspr\u00fcnglich geplante Wache mit Sozialtrakt und Fahrzeughalle mit 8 Ausfahrten im hinteren Grundst\u00fccksteil konnte aus Kostengr\u00fcnden nicht realisiert werden. F\u00fcr \u00fcber 500.000 Mark wurde schlie\u00dflich die ehemalige Parteizentrale umgebaut, dabei entstand eine Fahrzeughalle, auf der R\u00fcckseite der Garagenhalle ein Technikgeb\u00e4ude und ein neues Wachgeb\u00e4ude. Im Zuge der Umbauma\u00dfnahmen wurde entlang der gesamten Grundst\u00fccksl\u00e4nge die Stra\u00dfe Nr. 15 in das Gel\u00e4nde einbezogen.<\/p>\n\n\n\n<p>1986 konnte die Feuerwache ihren Dienstbetrieb aufnehmen und war verantwortlich f\u00fcr die Ausbildung und Schulung aller Feuerwehren des MfS in der gesamten DDR sowie f\u00fcr den operativen Feuerschutz der Objekte und Einrichtungen des MfS in Ost-Berlin. Personal und Fahrzeuge dieser \u201ePr\u00fcforganisation\u201c<br>durften nicht innerhalb des Diensthabenden-Systems der Feuerwehr Ost-Berlins eingesetzt werden. Es existierte auch sonst keine offizielle Zusammenarbeit mit der Ost-Berliner Feuerwehr und den Freiwilligen Feuerwehren \u2013 au\u00dfer dass die Grundausbildung und die Spezialschulung durch die Feuerwehrschulen der DDR durchgef\u00fchrt wurden. Durch die historischen Ereignisse 1989 sollte der Betrieb an der Josef-Orlopp-Stra\u00dfe jedoch zun\u00e4chst nur von kurzer Dauer sein,<\/p>\n\n\n\n<p>Mit der Aufl\u00f6sung des MfS und der Umbildung in das \u201eAmt f\u00fcr Nationale Sicherheit\u201c (AfNS) Ende 1989 war das Gel\u00e4nde an der Josef-Orlopp-Stra\u00dfe erstmals f\u00fcr die Angeh\u00f6rigen der Ost-Berliner Feuerwehr zug\u00e4nglich. Im Dezember 1989 erfolgte ein Teilumzug der Kr\u00e4fte in dieses Wachgeb\u00e4ude. Vom AfNS wurden die L\u00f6schfahrzeuge (TLF und KLF \u201eBarkas\u201c), die komplette Feuerwehrausr\u00fcstung, die Geb\u00e4ude und das Personal schrittweise an die Ost-Berliner Feuerwehr \u00fcbergeben. Das Objekt wurde am 19. Februar 1990 durch Kr\u00e4fte der Ost-Berliner Berufsfeuerwehr \u201ebesetzt\u201c, die \u201eoffizielle\u201c \u00dcbergabe an die VPI Lichtenberg, Abt. F (an die Feuerwehr Ost-Berlin) erfolgte erst Mitte M\u00e4rz 1990.<\/p>\n\n\n\n<figure class=\"wp-block-image size-large\"><img loading=\"lazy\" decoding=\"async\" width=\"1024\" height=\"683\" src=\"https:\/\/main.ff-6401.de\/wp-content\/uploads\/2026\/02\/FW-Lichtenberg-1990-1024x683.jpg\" alt=\"\" class=\"wp-image-4687\" srcset=\"https:\/\/main.ff-6401.de\/wp-content\/uploads\/2026\/02\/FW-Lichtenberg-1990-1024x683.jpg 1024w, https:\/\/main.ff-6401.de\/wp-content\/uploads\/2026\/02\/FW-Lichtenberg-1990-300x200.jpg 300w, https:\/\/main.ff-6401.de\/wp-content\/uploads\/2026\/02\/FW-Lichtenberg-1990-768x512.jpg 768w, https:\/\/main.ff-6401.de\/wp-content\/uploads\/2026\/02\/FW-Lichtenberg-1990-1536x1024.jpg 1536w, https:\/\/main.ff-6401.de\/wp-content\/uploads\/2026\/02\/FW-Lichtenberg-1990.jpg 1728w\" sizes=\"auto, (max-width: 1024px) 100vw, 1024px\" \/><figcaption class=\"wp-element-caption\">Feuerwache Lichtenberg (1990) Ansicht von der Josef-Orlopp-Stra\u00dfe<\/figcaption><\/figure>\n\n\n\n<p>Heute sind in der Feuerwache die Berufsfeuerwehr und die Freiwillige Feuerwehr Lichtenberg sowie der Arbeiter-Samariter-Bund stationiert.<\/p>\n\n\n\n<p>Die Feuerwache Lichtenberg befindet sich in einem baulich desolaten Zustand und bietet zudem nicht ausreichend Kapazit\u00e4ten f\u00fcr die Unterbringung aller Einsatzfahrzeuge und Einsatzkr\u00e4fte. Eine Sanierung wurde bereits vor Jahren aus Gr\u00fcnden der fehlenden Wirtschaftlichkeit verworfen. Zwar ist der Neubau einer kombinierten Feuer- und Rettungswache mit Freiwilliger Feuerwehr sowie einem dezentralen Ausbildungsstandort f\u00fcr die Freiwillige Feuerwehr vorgesehen, das Vorhaben konnte jedoch bislang aufgrund begrenzter finanzieller Mittel nicht in die Investitionsplanung des Berliner Haushalts aufgenommen werden. Ungeachtet dieser widrigen Rahmenbedingungen erf\u00fcllen die Kameradinnen und Kameraden der Freiwilligen Feuerwehr Lichtenberg weiterhin regelm\u00e4\u00dfig und zuverl\u00e4ssig ihre ehrenamtlichen Aufgaben und leisten einen unverzichtbaren Beitrag zum Schutz der B\u00fcrgerinnen und B\u00fcrger in Lichtenberg und dar\u00fcber hinaus.<\/p>\n\n\n\n<p><strong>Derzeit sind auf der Feuerwache folgende Einsatzmittel stationiert:<\/strong><br><br><strong>Berufsfeuerwehr<\/strong><br>1 LHF 20\/12 DLS<br>1 DLA (K) 23\/12<br>1 NEF<br>2 RTW-C<br>1 RTW-C (X)<br><br><strong>Freiwillige Feuerwehr<\/strong><br>1 LHF 20\/12 DLS<br>1 LF 20 KatS Bund<br><br><strong>Arbeiter-Samariter-Bund<\/strong><br>1 RTW-C1<br>1 RTW-C (12 h)<\/p>\n","protected":false},"excerpt":{"rendered":"<p>Im April 2004 zog die Freiwillige Feuerwehr Lichtenberg mit auf das Gel\u00e4nde der Feuerwache Lichtenberg (6400) in der Josef-Orlopp-Stra\u00dfe 69. Die Wache ist wohl eine der geschichtstr\u00e4chtigsten der Berliner Feuerwehr, wenn nicht sogar der gesamten Bundesrepublik. Das Ministerium unterhielt in &hellip; <a href=\"https:\/\/main.ff-6401.de\/?page_id=125\">Weiter<\/a><\/p>\n","protected":false},"author":1,"featured_media":4594,"parent":4692,"menu_order":1,"comment_status":"closed","ping_status":"closed","template":"","meta":{"kt_blocks_editor_width":"","footnotes":""},"class_list":["post-125","page","type-page","status-publish","has-post-thumbnail","hentry"],"_links":{"self":[{"href":"https:\/\/main.ff-6401.de\/index.php?rest_route=\/wp\/v2\/pages\/125","targetHints":{"allow":["GET"]}}],"collection":[{"href":"https:\/\/main.ff-6401.de\/index.php?rest_route=\/wp\/v2\/pages"}],"about":[{"href":"https:\/\/main.ff-6401.de\/index.php?rest_route=\/wp\/v2\/types\/page"}],"author":[{"embeddable":true,"href":"https:\/\/main.ff-6401.de\/index.php?rest_route=\/wp\/v2\/users\/1"}],"replies":[{"embeddable":true,"href":"https:\/\/main.ff-6401.de\/index.php?rest_route=%2Fwp%2Fv2%2Fcomments&post=125"}],"version-history":[{"count":18,"href":"https:\/\/main.ff-6401.de\/index.php?rest_route=\/wp\/v2\/pages\/125\/revisions"}],"predecessor-version":[{"id":4688,"href":"https:\/\/main.ff-6401.de\/index.php?rest_route=\/wp\/v2\/pages\/125\/revisions\/4688"}],"up":[{"embeddable":true,"href":"https:\/\/main.ff-6401.de\/index.php?rest_route=\/wp\/v2\/pages\/4692"}],"wp:featuredmedia":[{"embeddable":true,"href":"https:\/\/main.ff-6401.de\/index.php?rest_route=\/wp\/v2\/media\/4594"}],"wp:attachment":[{"href":"https:\/\/main.ff-6401.de\/index.php?rest_route=%2Fwp%2Fv2%2Fmedia&parent=125"}],"curies":[{"name":"wp","href":"https:\/\/api.w.org\/{rel}","templated":true}]}}