{"id":127,"date":"2011-09-07T20:12:50","date_gmt":"2011-09-07T18:12:50","guid":{"rendered":"http:\/\/ff-6401.de\/?page_id=127"},"modified":"2026-02-07T21:38:23","modified_gmt":"2026-02-07T20:38:23","slug":"ausbildung","status":"publish","type":"page","link":"https:\/\/main.ff-6401.de\/?page_id=127","title":{"rendered":"Ausbildung"},"content":{"rendered":"\n<p class=\"has-text-align-left\">Mit dem 10. Lebensjahr kann die Ausbildung in der Jugendfeuerwehr f\u00fcr Kinder &amp; Jugendliche beginnen. Dies erfolgt w\u00e4hrend der w\u00f6chentlichen Dienste um 16:30 Uhr. Den Jugendlichen wird wissenswertes \u00fcber die Feuerwehr vermittelt. Weiterhin wird ihnen das Grundhandwerkszeug f\u00fcr den Wechsel in den aktiven Einsatzdienst gegeben, welcher mit 18. Jahren beginnt. Um den Ausbildungsalltag abwechslungsreicher zu gestalten, achten wir auf ein ausgewogenes Verh\u00e4ltnis von theoretischer und praktischer Ausbildung, sowie auf Ausfl\u00fcge und Fahrten.<\/p>\n\n\n\n<p>Jugendwart der FF6401: <a href=\"mailto:jugendfeuerwehr@ff-6401.de\">jugendfeuerwehr@ff-6401.de<\/a><br><\/p>\n\n\n\n<figure class=\"wp-block-image size-large\"><img loading=\"lazy\" decoding=\"async\" width=\"1024\" height=\"683\" src=\"https:\/\/main.ff-6401.de\/wp-content\/uploads\/2026\/02\/Bild7-1024x683.jpeg\" alt=\"\" class=\"wp-image-4648\" srcset=\"https:\/\/main.ff-6401.de\/wp-content\/uploads\/2026\/02\/Bild7-1024x683.jpeg 1024w, https:\/\/main.ff-6401.de\/wp-content\/uploads\/2026\/02\/Bild7-300x200.jpeg 300w, https:\/\/main.ff-6401.de\/wp-content\/uploads\/2026\/02\/Bild7-768x512.jpeg 768w, https:\/\/main.ff-6401.de\/wp-content\/uploads\/2026\/02\/Bild7-1536x1024.jpeg 1536w, https:\/\/main.ff-6401.de\/wp-content\/uploads\/2026\/02\/Bild7.jpeg 1920w\" sizes=\"auto, (max-width: 1024px) 100vw, 1024px\" \/><\/figure>\n","protected":false},"excerpt":{"rendered":"<p>Mit dem 10. Lebensjahr kann die Ausbildung in der Jugendfeuerwehr f\u00fcr Kinder &amp; Jugendliche beginnen. Dies erfolgt w\u00e4hrend der w\u00f6chentlichen Dienste um 16:30 Uhr. Den Jugendlichen wird wissenswertes \u00fcber die Feuerwehr vermittelt. Weiterhin wird ihnen das Grundhandwerkszeug f\u00fcr den Wechsel &hellip; <a href=\"https:\/\/main.ff-6401.de\/?page_id=127\">Weiter<\/a><\/p>\n","protected":false},"author":1,"featured_media":0,"parent":2502,"menu_order":1,"comment_status":"closed","ping_status":"closed","template":"","meta":{"kt_blocks_editor_width":"","footnotes":""},"class_list":["post-127","page","type-page","status-publish","hentry"],"_links":{"self":[{"href":"https:\/\/main.ff-6401.de\/index.php?rest_route=\/wp\/v2\/pages\/127","targetHints":{"allow":["GET"]}}],"collection":[{"href":"https:\/\/main.ff-6401.de\/index.php?rest_route=\/wp\/v2\/pages"}],"about":[{"href":"https:\/\/main.ff-6401.de\/index.php?rest_route=\/wp\/v2\/types\/page"}],"author":[{"embeddable":true,"href":"https:\/\/main.ff-6401.de\/index.php?rest_route=\/wp\/v2\/users\/1"}],"replies":[{"embeddable":true,"href":"https:\/\/main.ff-6401.de\/index.php?rest_route=%2Fwp%2Fv2%2Fcomments&post=127"}],"version-history":[{"count":38,"href":"https:\/\/main.ff-6401.de\/index.php?rest_route=\/wp\/v2\/pages\/127\/revisions"}],"predecessor-version":[{"id":4678,"href":"https:\/\/main.ff-6401.de\/index.php?rest_route=\/wp\/v2\/pages\/127\/revisions\/4678"}],"up":[{"embeddable":true,"href":"https:\/\/main.ff-6401.de\/index.php?rest_route=\/wp\/v2\/pages\/2502"}],"wp:attachment":[{"href":"https:\/\/main.ff-6401.de\/index.php?rest_route=%2Fwp%2Fv2%2Fmedia&parent=127"}],"curies":[{"name":"wp","href":"https:\/\/api.w.org\/{rel}","templated":true}]}}