{"id":129,"date":"2011-09-07T20:13:43","date_gmt":"2011-09-07T18:13:43","guid":{"rendered":"http:\/\/ff-6401.de\/?page_id=129"},"modified":"2026-02-07T17:57:40","modified_gmt":"2026-02-07T16:57:40","slug":"mitglied-werden","status":"publish","type":"page","link":"https:\/\/main.ff-6401.de\/?page_id=129","title":{"rendered":"Mitglied werden!"},"content":{"rendered":"\n<p>Kinder und Jugendliche k\u00f6nnen zwischen 10 und 17 Jahren in die Jugendfeuerwehr Lichtenberg aufgenommen werden und k\u00f6nnen bis zum vollendeten 18. Lebensjahr Angeh\u00f6rige der Jugendfeuerwehr bleiben. Danach besteht die M\u00f6glichkeit einer \u00dcbernahme in die Einsatzabteilung der Freiwilligen Feuerwehr.<\/p>\n\n\n\n<p>Vor der endg\u00fcltigen Aufnahme in die Jugendfeuerwehr gibt es eine 3-monatige unverbindliche Probezeit, in der Bewerber und Gruppe die M\u00f6glichkeit nutzen sollen, sich besser kennen zu lernen und der Neuling mit der Arbeit der Jugendfeuerwehr vertraut gemacht wird.<\/p>\n\n\n\n<p>F\u00fcr die Aufnahme werden die schriftliche Zustimmung mindestens eines Elternteiles bzw. des\/der Erziehungsberechtigten sowie eine \u00e4rztliche Bescheinigung (nicht \u00e4lter als 3 Monate) \u00fcber die allgemeine Sporttauglichkeit vorliegen.<\/p>\n\n\n\n<p>Jugendwart der FF6401: <a href=\"mailto:jugendfeuerwehr@ff-6401.de\">jugendfeuerwehr@ff-6401.de<\/a><\/p>\n\n\n\n<p><\/p>\n","protected":false},"excerpt":{"rendered":"<p>Kinder und Jugendliche k\u00f6nnen zwischen 10 und 17 Jahren in die Jugendfeuerwehr Lichtenberg aufgenommen werden und k\u00f6nnen bis zum vollendeten 18. Lebensjahr Angeh\u00f6rige der Jugendfeuerwehr bleiben. Danach besteht die M\u00f6glichkeit einer \u00dcbernahme in die Einsatzabteilung der Freiwilligen Feuerwehr. Vor der &hellip; <a href=\"https:\/\/main.ff-6401.de\/?page_id=129\">Weiter<\/a><\/p>\n","protected":false},"author":1,"featured_media":0,"parent":2502,"menu_order":2,"comment_status":"closed","ping_status":"closed","template":"","meta":{"kt_blocks_editor_width":"","footnotes":""},"class_list":["post-129","page","type-page","status-publish","hentry"],"_links":{"self":[{"href":"https:\/\/main.ff-6401.de\/index.php?rest_route=\/wp\/v2\/pages\/129","targetHints":{"allow":["GET"]}}],"collection":[{"href":"https:\/\/main.ff-6401.de\/index.php?rest_route=\/wp\/v2\/pages"}],"about":[{"href":"https:\/\/main.ff-6401.de\/index.php?rest_route=\/wp\/v2\/types\/page"}],"author":[{"embeddable":true,"href":"https:\/\/main.ff-6401.de\/index.php?rest_route=\/wp\/v2\/users\/1"}],"replies":[{"embeddable":true,"href":"https:\/\/main.ff-6401.de\/index.php?rest_route=%2Fwp%2Fv2%2Fcomments&post=129"}],"version-history":[{"count":21,"href":"https:\/\/main.ff-6401.de\/index.php?rest_route=\/wp\/v2\/pages\/129\/revisions"}],"predecessor-version":[{"id":4654,"href":"https:\/\/main.ff-6401.de\/index.php?rest_route=\/wp\/v2\/pages\/129\/revisions\/4654"}],"up":[{"embeddable":true,"href":"https:\/\/main.ff-6401.de\/index.php?rest_route=\/wp\/v2\/pages\/2502"}],"wp:attachment":[{"href":"https:\/\/main.ff-6401.de\/index.php?rest_route=%2Fwp%2Fv2%2Fmedia&parent=129"}],"curies":[{"name":"wp","href":"https:\/\/api.w.org\/{rel}","templated":true}]}}