{"id":2384,"date":"2016-08-14T14:39:59","date_gmt":"2016-08-14T14:39:59","guid":{"rendered":"http:\/\/ff-6401.de\/?page_id=2384"},"modified":"2026-02-07T17:42:55","modified_gmt":"2026-02-07T16:42:55","slug":"foerderverein","status":"publish","type":"page","link":"https:\/\/main.ff-6401.de\/?page_id=2384","title":{"rendered":"F\u00f6rderverein"},"content":{"rendered":"\n<p>Der F\u00f6rderverein der Freiwilligen Feuerwehr Berlin-Lichtenberg e. V wurde am 12.07.2016 gr\u00fcndet und unterst\u00fctzt seitdem alle Bereiche im Wirkungsfeld der Freiwilligen Feuerwehr undJugendfeuewehr Berlin-Lichtenberg. Dazu geh\u00f6rt unter anderem die Brandschutzerziehung, Feuerwehrsport, die Traditionspflege, aber auch die Anschaffung von Ausr\u00fcstung und Ger\u00e4ten.<\/p>\n\n\n\n<p>Mit einer Spende oder Mitgliedschaft k\u00f6nnt ihr uns dabei unterst\u00fctzen!<br><strong>Spendenkonto<\/strong><br>Empf\u00e4nger: F\u00f6rderverein der FF Lichtenberg e. V.<br>IBAN: DE 0710 0500 0001 9056 8844<br>BIC: BELADEBEXXX<\/p>\n\n\n\n<p>Der Verein verfolgt ausschlie\u00dflich und unmittelbar gemeinn\u00fctzige Ziele im Sinne des Abschnitts \u201cSteuerbeg\u00fcnstigte Zwecke\u201d der Abgabenordnung: F\u00f6rderung des Feuer-, Arbeits-, Katastrophen- und Zivilschutzes ( 52 Abs. 2 Satz 2 Nr. 12 AO).<\/p>\n\n\n\n<p><strong>Mitgliedschaft<\/strong><br>Als f\u00f6rderndes Mitglied k\u00f6nnt ihr uns mit einem Jahresbeitrag von mindestens 60 Euro unterst\u00fctzen, weitere Verpflichtungen bestehen nicht. Eine Teilnahme an Mitgliederversammlungen ist nat\u00fcrlich m\u00f6glich.<br>Als ordentliches Mitglied stehen euch mehr Rechte, aber auch Pflichten zu. Der j\u00e4hrliche Beitrag bemisst sich hier bereits ab 36 j\u00e4hrlich.<\/p>\n\n\n\n<p>Satzung: <a href=\"https:\/\/main.ff-6401.de\/wp-content\/uploads\/2024\/07\/240202-Satzung-v.-11.08.2023.pdf\">240202 Satzung v. 11.08.2023<\/a> <br>Betrittserkl\u00e4rung: <a href=\"https:\/\/main.ff-6401.de\/wp-content\/uploads\/F\u00f6rderverein\/F\u00f6rderverein_Beitrittserkl\u00e4rung.pdf\">Beitrittserkl\u00e4rung<\/a><\/p>\n","protected":false},"excerpt":{"rendered":"<p>Der F\u00f6rderverein der Freiwilligen Feuerwehr Berlin-Lichtenberg e. V wurde am 12.07.2016 gr\u00fcndet und unterst\u00fctzt seitdem alle Bereiche im Wirkungsfeld der Freiwilligen Feuerwehr undJugendfeuewehr Berlin-Lichtenberg. Dazu geh\u00f6rt unter anderem die Brandschutzerziehung, Feuerwehrsport, die Traditionspflege, aber auch die Anschaffung von Ausr\u00fcstung und &hellip; <a href=\"https:\/\/main.ff-6401.de\/?page_id=2384\">Weiter<\/a><\/p>\n","protected":false},"author":1,"featured_media":0,"parent":0,"menu_order":0,"comment_status":"closed","ping_status":"closed","template":"","meta":{"kt_blocks_editor_width":"","footnotes":""},"class_list":["post-2384","page","type-page","status-publish","hentry"],"_links":{"self":[{"href":"https:\/\/main.ff-6401.de\/index.php?rest_route=\/wp\/v2\/pages\/2384","targetHints":{"allow":["GET"]}}],"collection":[{"href":"https:\/\/main.ff-6401.de\/index.php?rest_route=\/wp\/v2\/pages"}],"about":[{"href":"https:\/\/main.ff-6401.de\/index.php?rest_route=\/wp\/v2\/types\/page"}],"author":[{"embeddable":true,"href":"https:\/\/main.ff-6401.de\/index.php?rest_route=\/wp\/v2\/users\/1"}],"replies":[{"embeddable":true,"href":"https:\/\/main.ff-6401.de\/index.php?rest_route=%2Fwp%2Fv2%2Fcomments&post=2384"}],"version-history":[{"count":15,"href":"https:\/\/main.ff-6401.de\/index.php?rest_route=\/wp\/v2\/pages\/2384\/revisions"}],"predecessor-version":[{"id":4640,"href":"https:\/\/main.ff-6401.de\/index.php?rest_route=\/wp\/v2\/pages\/2384\/revisions\/4640"}],"wp:attachment":[{"href":"https:\/\/main.ff-6401.de\/index.php?rest_route=%2Fwp%2Fv2%2Fmedia&parent=2384"}],"curies":[{"name":"wp","href":"https:\/\/api.w.org\/{rel}","templated":true}]}}