{"id":4692,"date":"2026-02-08T19:15:02","date_gmt":"2026-02-08T18:15:02","guid":{"rendered":"https:\/\/main.ff-6401.de\/?page_id=4692"},"modified":"2026-02-08T20:54:24","modified_gmt":"2026-02-08T19:54:24","slug":"freiwilligefeuerwehr","status":"publish","type":"page","link":"https:\/\/main.ff-6401.de\/","title":{"rendered":"Wir \u00fcber uns"},"content":{"rendered":"\n<figure class=\"wp-block-image size-large\"><img loading=\"lazy\" decoding=\"async\" width=\"768\" height=\"1024\" src=\"https:\/\/main.ff-6401.de\/wp-content\/uploads\/2026\/02\/9d8a7f84-2b62-47c7-8fac-6cd024866828-768x1024.jpeg\" alt=\"\" class=\"wp-image-4700\" srcset=\"https:\/\/main.ff-6401.de\/wp-content\/uploads\/2026\/02\/9d8a7f84-2b62-47c7-8fac-6cd024866828-768x1024.jpeg 768w, https:\/\/main.ff-6401.de\/wp-content\/uploads\/2026\/02\/9d8a7f84-2b62-47c7-8fac-6cd024866828-225x300.jpeg 225w, https:\/\/main.ff-6401.de\/wp-content\/uploads\/2026\/02\/9d8a7f84-2b62-47c7-8fac-6cd024866828-1152x1536.jpeg 1152w, https:\/\/main.ff-6401.de\/wp-content\/uploads\/2026\/02\/9d8a7f84-2b62-47c7-8fac-6cd024866828.jpeg 1200w\" sizes=\"auto, (max-width: 768px) 100vw, 768px\" \/><\/figure>\n\n\n\n<p>Die Freiwillige Feuerwehr Lichtenberg ist eine der \u00e4ltesten Freiwilligen Feuerwehren Berlins und hat ihren Standort bei der Berufsfeuerwehr in der Josef-Orlopp-Stra\u00dfe 69 im Ortsteil Lichtenberg des gleichnamigen Stadtbezirks. Organisatorisch ist sie dem Einsatzbetrieb E6 zugeordnet. Die Wachnummer ist 6401.<\/p>\n\n\n\n<p>In der Einsatzabteilung sind 3 Frau und 32 M\u00e4nner aktiv, die Ehrenabteilung hat 13 Mitglieder. Der Jugendfeuerwehr geh\u00f6ren 18 Kinder und Jugendliche an.<\/p>\n\n\n\n<p>F\u00fcr den Einsatzdienst stehen der Freiwilligen Feuerwehr Lichtenberg zwei Einsatzfahrzeuge \u2013 ein LHF 20\/12 DLS und ein LF 20-KatS Bund \u2013 zur Verf\u00fcgung.<\/p>\n\n\n\n<p>Derzeit ist die Wehr der 2. Brandschutzbereitschaft zugeordnet und war in der Vergangenheit unter anderem bei Hochwasserlagen, Waldbrandeins\u00e4tzen im Bundesgebiet sowie w\u00e4hrend der Fl\u00fcchtlingskrise 2015 im Einsatz.<\/p>\n\n\n\n<p>Zehn Kameradinnen und Kameraden sind hauptberuflich bei Werkfeuerwehren oder der Berliner Feuerwehr t\u00e4tig. Mehrere Mitglieder der Wehr sind als Ausbilder in der Truppmann-Ausbildung sowie als Trainer in der Fortbildung von Angeh\u00f6rigen Freiwilliger Feuerwehren t\u00e4tig. Zudem wirken Kameradinnen und Kameraden regelm\u00e4\u00dfig in der F\u00fchrungsunterst\u00fctzungseinheit Nord sowie als ELW-Erkunder mit.<\/p>\n\n\n\n<p>Dar\u00fcber hinaus ist die Freiwillige Feuerwehr Lichtenberg fest im gesellschaftlichen Leben des Bezirks verankert. Die Wehrmitglieder f\u00fchren j\u00e4hrlich zahlreiche \u00d6ffentlichkeitsarbeiten und Brandschutzerziehung in Schulen und Kindertagesst\u00e4tten durch und beteiligen sich gemeinsam mit ihrem F\u00f6rderverein an Veranstaltungen des Bezirksamtes sowie anderer Organisationen, bei denen regelm\u00e4\u00dfig der Feldkochherd zum Einsatz kommt. Aktuell werden erste Kontakte zu einer Freiwilligen Feuerwehr in der polnischen Partnerstadt des Bezirks in Warschau aufgebaut, um k\u00fcnftig einen internationalen Austausch zu etablieren.<\/p>\n\n\n<style>.kb-row-layout-id4692_e017dc-c8 > .kt-row-column-wrap{align-content:start;}:where(.kb-row-layout-id4692_e017dc-c8 > .kt-row-column-wrap) > .wp-block-kadence-column{justify-content:start;}.kb-row-layout-id4692_e017dc-c8 > .kt-row-column-wrap{column-gap:var(--global-kb-gap-md, 2rem);row-gap:var(--global-kb-gap-md, 2rem);padding-top:var(--global-kb-spacing-sm, 1.5rem);padding-bottom:var(--global-kb-spacing-sm, 1.5rem);grid-template-columns:minmax(0, 1fr);}.kb-row-layout-id4692_e017dc-c8 > .kt-row-layout-overlay{opacity:0.30;}@media all and (max-width: 1024px){.kb-row-layout-id4692_e017dc-c8 > .kt-row-column-wrap{grid-template-columns:minmax(0, 1fr);}}@media all and (max-width: 767px){.kb-row-layout-id4692_e017dc-c8 > .kt-row-column-wrap{grid-template-columns:minmax(0, 1fr);}}<\/style><div class=\"kb-row-layout-wrap kb-row-layout-id4692_e017dc-c8 alignnone wp-block-kadence-rowlayout\"><div class=\"kt-row-column-wrap kt-has-1-columns kt-row-layout-equal kt-tab-layout-inherit kt-mobile-layout-row kt-row-valign-top\">\n<style>.kadence-column4692_8d39f7-6e > .kt-inside-inner-col,.kadence-column4692_8d39f7-6e > .kt-inside-inner-col:before{border-top-left-radius:0px;border-top-right-radius:0px;border-bottom-right-radius:0px;border-bottom-left-radius:0px;}.kadence-column4692_8d39f7-6e > .kt-inside-inner-col{column-gap:var(--global-kb-gap-sm, 1rem);}.kadence-column4692_8d39f7-6e > .kt-inside-inner-col{flex-direction:column;}.kadence-column4692_8d39f7-6e > .kt-inside-inner-col > .aligncenter{width:100%;}.kadence-column4692_8d39f7-6e > .kt-inside-inner-col:before{opacity:0.3;}.kadence-column4692_8d39f7-6e{position:relative;}@media all and (max-width: 1024px){.kadence-column4692_8d39f7-6e > .kt-inside-inner-col{flex-direction:column;justify-content:center;}}@media all and (max-width: 767px){.kadence-column4692_8d39f7-6e > .kt-inside-inner-col{flex-direction:column;justify-content:center;}}<\/style>\n<div class=\"wp-block-kadence-column kadence-column4692_8d39f7-6e\"><div class=\"kt-inside-inner-col\"><\/div><\/div>\n\n<\/div><\/div>\n\n\n<p><\/p>\n","protected":false},"excerpt":{"rendered":"<p>Die Freiwillige Feuerwehr Lichtenberg ist eine der \u00e4ltesten Freiwilligen Feuerwehren Berlins und hat ihren Standort bei der Berufsfeuerwehr in der Josef-Orlopp-Stra\u00dfe 69 im Ortsteil Lichtenberg des gleichnamigen Stadtbezirks. Organisatorisch ist sie dem Einsatzbetrieb E6 zugeordnet. Die Wachnummer ist 6401. In &hellip; <a href=\"https:\/\/main.ff-6401.de\/\">Weiter<\/a><\/p>\n","protected":false},"author":1,"featured_media":0,"parent":0,"menu_order":1,"comment_status":"closed","ping_status":"closed","template":"","meta":{"kt_blocks_editor_width":"","footnotes":""},"class_list":["post-4692","page","type-page","status-publish","hentry"],"_links":{"self":[{"href":"https:\/\/main.ff-6401.de\/index.php?rest_route=\/wp\/v2\/pages\/4692","targetHints":{"allow":["GET"]}}],"collection":[{"href":"https:\/\/main.ff-6401.de\/index.php?rest_route=\/wp\/v2\/pages"}],"about":[{"href":"https:\/\/main.ff-6401.de\/index.php?rest_route=\/wp\/v2\/types\/page"}],"author":[{"embeddable":true,"href":"https:\/\/main.ff-6401.de\/index.php?rest_route=\/wp\/v2\/users\/1"}],"replies":[{"embeddable":true,"href":"https:\/\/main.ff-6401.de\/index.php?rest_route=%2Fwp%2Fv2%2Fcomments&post=4692"}],"version-history":[{"count":4,"href":"https:\/\/main.ff-6401.de\/index.php?rest_route=\/wp\/v2\/pages\/4692\/revisions"}],"predecessor-version":[{"id":4703,"href":"https:\/\/main.ff-6401.de\/index.php?rest_route=\/wp\/v2\/pages\/4692\/revisions\/4703"}],"wp:attachment":[{"href":"https:\/\/main.ff-6401.de\/index.php?rest_route=%2Fwp%2Fv2%2Fmedia&parent=4692"}],"curies":[{"name":"wp","href":"https:\/\/api.w.org\/{rel}","templated":true}]}}